{"id":79,"date":"2018-05-15T17:04:19","date_gmt":"2018-05-15T17:04:19","guid":{"rendered":"http:\/\/ssa.adv.br\/?page_id=79"},"modified":"2018-05-15T17:04:19","modified_gmt":"2018-05-15T17:04:19","slug":"areas-de-atuacao-ingels","status":"publish","type":"page","link":"https:\/\/www.ssa.adv.br\/en\/areas-de-atuacao-ingels\/","title":{"rendered":"\u00c1reas de atua\u00e7\u00e3o (INGELS)"},"content":{"rendered":"<p>Seja por inser\u00e7\u00e3o de passagens com humor, palavras aleat\u00f3rias que n\u00e3o parecem nem um pouco ou tem convincentes. Seja por inser\u00e7\u00e3o de passagens com humor, palavras aleat\u00f3rias que n\u00e3o parecem nem um pouco ou tem convincentes. Seja por inser\u00e7\u00e3o de passagens com humor, palavras aleat\u00f3rias que n\u00e3o parecem nem um pouco ou tem convincentes. Seja por inser\u00e7\u00e3o de passagens com humor, palavras aleat\u00f3rias que n\u00e3o parecem nem um pouco ou tem convincentes. Seja por inser\u00e7\u00e3o de passagens com humor, palavras aleat\u00f3rias que n\u00e3o parecem nem um pouco ou tem convincentes. Seja por inser\u00e7\u00e3o de passagens com humor, palavras aleat\u00f3rias que n\u00e3o parecem nem um pouco ou tem convincentes. Seja por inser\u00e7\u00e3o de passagens com humor, palavras aleat\u00f3rias que n\u00e3o parecem nem um pouco ou tem convincentes.<\/p>\n<p>Seja por inser\u00e7\u00e3o de passagens com humor, palavras aleat\u00f3rias que n\u00e3o parecem nem um pouco ou tem convincentes. Seja por inser\u00e7\u00e3o de passagens com humor, palavras aleat\u00f3rias que n\u00e3o parecem nem um pouco ou tem convincentes. Seja por inser\u00e7\u00e3o de passagens com humor, palavras aleat\u00f3rias que n\u00e3o parecem nem um pouco ou tem convincentes. Seja por inser\u00e7\u00e3o de passagens com humor, palavras aleat\u00f3rias que n\u00e3o parecem nem um pouco ou tem convincentes. Seja por inser\u00e7\u00e3o de passagens com humor, palavras aleat\u00f3rias que n\u00e3o parecem nem um pouco ou tem convincentes. Seja por inser\u00e7\u00e3o de passagens com humor, palavras aleat\u00f3rias que n\u00e3o parecem nem um pouco ou tem convincentes. Seja por inser\u00e7\u00e3o de passagens com humor, palavras aleat\u00f3rias que n\u00e3o parecem nem um pouco ou tem convincentes. Seja por inser\u00e7\u00e3o de passagens com humor, palavras aleat\u00f3rias que n\u00e3o parecem nem um pouco ou tem convincentes. Seja por inser\u00e7\u00e3o de passagens com humor, palavras aleat\u00f3rias que n\u00e3o parecem nem um pouco ou tem convincentes. Seja por inser\u00e7\u00e3o de passagens com humor, palavras aleat\u00f3rias que n\u00e3o parecem nem um pouco ou tem convincentes. Seja por inser\u00e7\u00e3o de passagens com humor, palavras aleat\u00f3rias que n\u00e3o parecem nem um pouco ou tem convincentes. Seja por inser\u00e7\u00e3o de passagens com humor, palavras aleat\u00f3rias que n\u00e3o parecem nem um pouco ou tem convincentes. Seja por inser\u00e7\u00e3o de passagens com humor, palavras aleat\u00f3rias que n\u00e3o parecem nem um pouco ou tem convincentes. Seja por inser\u00e7\u00e3o de passagens com humor, palavras aleat\u00f3rias que n\u00e3o parecem nem um pouco ou tem convincentes.<\/p>\n<p>Seja por inser\u00e7\u00e3o de passagens com humor, palavras aleat\u00f3rias que n\u00e3o parecem nem um pouco ou tem convincentes. Seja por inser\u00e7\u00e3o de passagens com humor, palavras aleat\u00f3rias que n\u00e3o parecem nem um pouco ou tem convincentes. Seja por inser\u00e7\u00e3o de passagens com humor, palavras aleat\u00f3rias que n\u00e3o parecem nem um pouco ou tem convincentes.<\/p>\n","protected":false},"excerpt":{"rendered":"<p>Seja por inser\u00e7\u00e3o de passagens com humor, palavras aleat\u00f3rias que n\u00e3o parecem nem um pouco ou tem convincentes. Seja por inser\u00e7\u00e3o de passagens com humor, palavras aleat\u00f3rias que n\u00e3o parecem nem um pouco ou tem convincentes. Seja por inser\u00e7\u00e3o de passagens com humor, palavras aleat\u00f3rias que n\u00e3o parecem nem um pouco ou tem convincentes. Seja [&hellip;]<\/p>\n","protected":false},"author":1,"featured_media":0,"parent":0,"menu_order":0,"comment_status":"closed","ping_status":"open","template":"","meta":[],"acf":[],"_links":{"self":[{"href":"https:\/\/www.ssa.adv.br\/en\/wp-json\/wp\/v2\/pages\/79"}],"collection":[{"href":"https:\/\/www.ssa.adv.br\/en\/wp-json\/wp\/v2\/pages"}],"about":[{"href":"https:\/\/www.ssa.adv.br\/en\/wp-json\/wp\/v2\/types\/page"}],"author":[{"embeddable":true,"href":"https:\/\/www.ssa.adv.br\/en\/wp-json\/wp\/v2\/users\/1"}],"replies":[{"embeddable":true,"href":"https:\/\/www.ssa.adv.br\/en\/wp-json\/wp\/v2\/comments?post=79"}],"version-history":[{"count":1,"href":"https:\/\/www.ssa.adv.br\/en\/wp-json\/wp\/v2\/pages\/79\/revisions"}],"predecessor-version":[{"id":80,"href":"https:\/\/www.ssa.adv.br\/en\/wp-json\/wp\/v2\/pages\/79\/revisions\/80"}],"wp:attachment":[{"href":"https:\/\/www.ssa.adv.br\/en\/wp-json\/wp\/v2\/media?parent=79"}],"curies":[{"name":"wp","href":"https:\/\/api.w.org\/{rel}","templated":true}]}}